{"id":359,"date":"2018-06-19T22:16:58","date_gmt":"2018-06-19T22:16:58","guid":{"rendered":"http:\/\/wp.bpk-haaglanden.nl\/?page_id=359"},"modified":"2018-07-11T23:56:54","modified_gmt":"2018-07-11T23:56:54","slug":"god-verandert-mensen","status":"publish","type":"page","link":"https:\/\/bpk-haaglanden.nl\/?page_id=359","title":{"rendered":"God verandert mensen"},"content":{"rendered":"<p align=\"justify\"><span class=\"txt0\"><span class=\"bold\">Deze getuigenis betreft een z\u00e9\u00e9r moeilijke periode in mijn leven, in het begin van de jaren &#8217;90. Een tijd waarin Hij Zijn onbevattelijke Liefde en Genade voor mijn zwakke en onwaardige leven betoonde:<\/span><\/span><\/p>\n<p><span class=\"txt0\"><span class=\"bold\">Op jonge leeftijd had de echtscheiding van mijn ouders tot gevolg dat ik het ouderlijk huis verliet met mijn moeder en zusje, en mijn vader nog maar sporadisch zag. In die periode waren we thuis niet kerkelijk, in tegenstelling tot mijn oma van mijn moederszijde.<span>\u00a0<\/span><\/span><\/span><\/p>\n<p>Maar na de dood van mijn oma, ging mijn moeder op zoek naar mogelijkheden om haar ooit nog eens terug te kunnen zien. Bij deze zoektocht belandde ze uiteindelijk &#8211; via vele boeken over diverse geloven en religies &#8211; in dezelfde kerk als die van mijn oma: de Bethel Pinksterkerk in Den Haag.<\/p>\n<p>Zo werd ik als tienjarige naar deze gemeente &#8220;meegesleurd&#8221;. Daar verveelde ik me in eerste instantie nogal, maar tijdens de prediking mocht ik naar de zondagsschool.<\/p>\n<p>Al zeer vroeg in mijn leven was ik ervan overtuigt dat d\u00edt h\u00e9t was!!!<\/p>\n<p>Ik had datgene gevonden waar een ieder in deze wereld, bewust of onbewust naar op zoek is. Volmaakte Liefde, Rust. Ik nam het erg serieus.<span>\u00a0<\/span><\/p>\n<p>Zo werd ik ook bewust gedoopt toen ik twaalf was. Een paar jaar later vervuld met Gods Heilige Geest.<span>\u00a0<\/span><\/p>\n<p>Maar door de scheiding van mijn ouders groeide ik ondertussen op in een heel ander milieu. Dat van hardrock, drank, (demonische) pornografie, soft- en harddrugs. En nog veel meer zaken die, &#8230;.laat ik maar zeggen, t\u00e9 onuitsprekelijk voor mij zijn om te noemen.<\/p>\n<p>Ik begon veel moeite te krijgen met de wereldse aantrekkingskracht.\u00a0Toen ik zeventien was, ging ik direct op mezelf wonen. Mijn gebedsleven was op een zeer laag pitje geraakt en ik ging \u00f3\u00f3k niet meer naar de kerk.<span>\u00a0<\/span><\/p>\n<p>Maar het verlaten van God had een zeer grote leegte in mijn leven gegeven, die probeerde ik op te vullen met alles wat deze wereld te bieden heeft en maar binnen mijn bereik kwam: met mijn werk, in reizen, in status, geld verdienen, met materialisme, met seksualiteit. Maar het gemis in mijn leven liet zich met dit al niet opvullen, de leegte bleef.<\/p>\n<p>Bij vlagen kwam ik een paar jaar overtuigd terug in mijn kerkgemeenschap; dit was de plek waar ik gevoed werd. Werd zelfs lid van het zangkoor.\u00a0<span>\u00a0<\/span><\/p>\n<p>Maar mijn strijd met de wereldse aantrekkingskracht bleef.<\/p>\n<p>Als ik wederom gezondigd had en ik de correcties in de prediking hoorde, dan ervoer ik ook werkelijk dat God persoonlijk tot mij sprak. Dat deed innerlijk pijn en ik probeerde dan natuurlijk mijn best te doen om niet meer te zondigen.<\/p>\n<p>Maar, na een lange periode van blijven falen, verkoos ik om niet meer onder het gehoor van Zijn Woord te komen. Liever weg uit de kerk, liever weg van confrontaties met de zwakheden in mijn leven, weg van confrontaties met mijn persoonlijk falen.\u00a0Liever d\u00e1t, dan een situatie cre\u00ebren, waarin ik niets meer voelde bij het Woord van God. Geen situatie van &#8220;het ene oor in, het andere uit&#8221; toelaten in mijn leven.<span>\u00a0<\/span><\/p>\n<p>Mijn overtuiging zat w\u00e9l diep, ik faalde echter veelvuldig deze na te leven&#8230;<\/p>\n<p>Zo ging ik met mijn leven voort, soms een paar jaar overtuigt in de gemeente en dicht bij God, en soms een paar jaar diep teleurgesteld, ver van God.<\/p>\n<p>Maar de Wonderlijke, Genadige natuur van God is, dat als wij kiezen voor zonde, Hij daar direct een antwoord op klaar heeft, de oplossing. Die we verkrijgen door de weg te bewandelen die Hij toelaat in ons leven.\u00a0Soms moet je dan heel erg diep vallen wanneer je niet wenst te gehoorzamen;<\/p>\n<p><span class=\"txt0\"><span class=\"bold\">Ik verveelde mij ondertussen dood op mijn werk en verkoos om mijn werk in de ICT niet langer voort te zetten. En omdat ik geen andere opleiding had, werd ik om wat om handen te hebben, taxichauffeur in het nachtleven van Den Haag.<\/span><\/span><\/p>\n<p>Dan kom je natuurlijk in aanraking met de zelfkant van de maatschappij. Dronkelappen, junkies, drugsdealers, hoeren, hoerenlopers, criminelen etc. Je leeft hoofdzakelijk \u00b4s nachts en maakt daardoor ook niet echt meer deel uit van de normale maatschappij.<\/p>\n<p>Ik begon \u00e9rg veel softdrugs te gebruiken, minimaal 3 tot 6 jointjes per dag. Het<span>\u00a0<\/span><span class=\"bold ital\">leek<\/span><span class=\"bold\"><span>\u00a0<\/span>de pijn van de leegte in mijn leven soms tijdelijk wat<\/span><span class=\"bold ital\"><span>\u00a0<\/span><\/span><span class=\"bold\">te verzachtten, maar gaf nooit een oplossing, maar verergerde mijn problemen juist. Het was het zoveelste vulmiddel voor de leegte in mijn leven; het maakte me erg onverschillig en lui.<\/span><\/p>\n<p>Als er dingen in mijn leven fout gingen, dan voelde ik God natuurlijk wel &#8220;tikken&#8221;, maar veelal negeerde ik dit door nog meer softdrugs te gebruiken. Dit voldeed echter al snel niet meer om mijn geweten te sussen&#8230;<\/p>\n<p>&#8230;zo had ik \u00f3\u00f3k al eens coca\u00efne geprobeerd, om een kijkje &#8220;over het leven heen&#8221; te nemen. Door Gods bescherming heb ik hier totaal niets van gemerkt. Over diverse periodes heb ik dit gerookt, gesnoven en door mijn tandvlees gewreven. Buiten een totaal verdoofde mond, geen enkel effect! Achteraf zie ik dat als pure bescherming van God.<\/p>\n<p>Maar ik wilde nog steeds niet luisteren&#8230;<\/p>\n<p>Mijn beste vriend en collega-taxichauffeur, maakte thuis harddrugs die hij ook aan anderen verkocht: hij was een drugsdealer. Toen hij me voorstelde naar een discotheek met housemuziek te gaan en vooraf een XTC-pil te slikken, was ik al z\u00f3 ver heen dat ik dit, voor mij eens onvoorstelbare, gewoon deed&#8230;<\/p>\n<p>En toen ik daar in een discotheek stond te dansen op de housemuziek, de extase van een combinatie van XTC, speed en amfetamine in mijn lichaam voelde, dacht ik werkelijk eventjes: &#8220;Hier heb ik nou mijn hele leven naar gezocht!&#8230;&#8221;<\/p>\n<p>Ik had werkelijk<span>\u00a0<\/span><span class=\"bold ital\">even<\/span><span class=\"bold\"><span>\u00a0<\/span>het gevoel, dat ik de leegte in mijn leven had opgevuld met een pilletje van \u20ac 15,-.\u00a0 Wat een beschamende vertoning voor mijn christenleven!\u00a0Wat een beschamende vertoning voor een kind van God!<\/span><\/p>\n<p>Na de nachtelijke discotheekbezoeken, feestte ik tot diep in de ochtend door op zogenaamde &#8220;after-parties&#8221; bij strandtenten etc, waar ik nog meer drugs slikte&#8230;<span>\u00a0<\/span><\/p>\n<p>En als ik voor de zoveelste keer werd geconfronteerd met de harde tikken van God in mijn leven (door bijv. liefdesverdriet, maatschappelijke of financi\u00eble problemen), zei ik tot Hem in tranen:<\/p>\n<p><span class=\"txt2\"><span class=\"bold\">&#8220;Heer, ik weet dat U mij roept! Maar laat U mij toch alstublieft gaan&#8230; Ik heb al voor de<span>\u00a0<\/span><\/span><span class=\"bold ital\">mil-joen-ste<span>\u00a0<\/span><\/span><span class=\"bold\">keer gefaald in mijn leven&#8230;<\/span><\/span><\/p>\n<p>U weet toch dat ik het niet waard ben! Waarom houdt U zich nog bezig met mijn leven? Ik heb het geprobeerd maar ga het einddoel, de hemel, gewoon niet halen. Geeft U mij alstublieft nog een redelijk leven op deze aarde, want de eeuwigheid is voor mij niet weggelegd&#8230;&#8221;<\/p>\n<p><span class=\"txt0\"><span class=\"bold\">God hoort ieder gebed.<\/span><\/span><\/p>\n<p>Het ging nu snel bergafwaarts met me. Ik werd zwaar verslaafd aan de XTC, speed en amfetamine. Terwijl velen de geestelijke en lichamelijke verslaving trachten te verminderen door slechts een paar pillen per maand te slikken, en de energie die dit geeft weg te dansen in een discotheek, slikte ik periodes om de 3-4 dagen zelfs 3 zware pillen binnen 5 uur, terwijl ik gewoon thuis op de bank zat!<\/p>\n<p>Maatschappelijk stond ik ook aan de kant; al tijden opende ik geen post meer, noch betaalde ik mijn rekeningen. Mijn schulden liepen hoog op en zo werd ook mijn volledige huisraad weggehaald door de belastingdienst, terwijl ik stoned met een voorraad jointjes zat toe te kijken hoe de verhuizers hun werk uitvoerden. Zo zijn er ook maandenlange periodes geweest dat ik geen gas, elektriciteit of water meer in mijn woning had.<\/p>\n<p>Uiterlijk begon ik mezelf te vergelijken met video-opnames van junks, die ik vroeger op school had gezien; junks die ik nu ook in mijn taxi kreeg. Mager, opgefokt, trillend, met grote pupillen en klappertandend&#8230; zo was \u00f3\u00f3k ik &#8211; een kind van God &#8211; geworden!<\/p>\n<p>Toen pakte ik op een avond een spiegel en bekeek mijn eigen gezicht. En de Heer liet toe dat mijn geestesoog geopend werd&#8230; en mijn wereld veranderde totaal!!!<\/p>\n<p><span class=\"txt3\"><span class=\"bold\">Efeze 6:12: &#8220;Want wij hebben den strijd niet tegen vlees en bloed, maar tegen de overheden, tegen de machten, tegen de geweldhebbers der wereld, der duisternis dezer eeuw, tegen de geestelijke boosheden in de lucht.&#8221;<\/span><\/span><\/p>\n<p><span class=\"txt0\"><span class=\"bold\">Ik werd me gewaar van het z\u00e9\u00e9r tijdelijke, van de totale materialistisch wereld om me heen, alles! En ik zag de wereld die wel eeuwig is! Die veel re\u00ebler en intenser is. Die niet tot stof zal terugkeren&#8230;<\/span><\/span><\/p>\n<p>Vanuit mijn ooghoeken, zag ik achter de spiegel een zwarte gestalte die mijn kamer vulde.<br \/>\nDe ogen die ik zag in de spiegel, waren niet mijn eigen ogen! Ik wist precies wie<span>\u00a0<\/span><span class=\"bold ital\">dat<\/span><span class=\"bold\"><span>\u00a0<\/span>was! <\/span><\/p>\n<p><span class=\"bold\">Er was direct herkenning! Dit was Gods tegenstander, Satan zelf!\u00a0<\/span>En hoewel ik voor geen mens bang ben, was ik nu voor het eerst in mijn leven doods-, en doodsbang!!!<\/p>\n<p>Zoals ik de Liefde van God vroeger in diep gebed mocht ervaren door de Heilige Geest, Liefde die niet te bevatten is; gekmakend als Hij slechts een klein stukje van de sluier van Liefde en Genade oplicht&#8230;<\/p>\n<p>&#8230;nu ervoer ik slechts<span>\u00a0<\/span><span class=\"bold ital\">onmenselijke<\/span><span class=\"bold\">, pure Haat!<\/span><\/p>\n<p>Deze was gericht tegen mijn kindschap Gods, mijn christen-zijn, mijn menszijn&#8230;<\/p>\n<p>Terwijl mijn mond woorden trachtte te vormen, werden mijn eigen ogen gebruikt en staarden in pure Haat naar mij terug. Ik moest blijven kijken, kon mijn blik niet afwenden&#8230;<\/p>\n<p>En ik wilde z\u00f3 graag God om hulp roepen!!! Zoals ik van mijn moeder en in mijn gemeente had gehoord. Het Bloed van Christus aanroepen, het naar God uitschreeuwen voor hulp&#8230; maar er kwam g\u00e9\u00e9n geluid uit mijn keel&#8230;<\/p>\n<p>Ik had zelf(!) immers tot God gebeden om Zich niet meer met mij te bemoeien!!! Ik had geen God meer in mijn leven&#8230;<\/p>\n<p>Terwijl er diverse leugenachtige gedachten door mijn hoofd schoten, hoorde ik een stem in mijn hoofd. E\u00e9n waarin geen enkele spot was; slechts herkenning, en pure Haat toen hij tegen mij zei:<\/p>\n<p>&#8220;Zo Koningskind. Wat wil je? Wil je m\u00e9\u00e9r drugs? Wil je vrouwen?&#8221;<\/p>\n<p>Doods-, en doodsbang was ik&#8230; ik had geen God meer in mijn leven!<span>\u00a0<\/span><br \/>\nEn<span>\u00a0<\/span><span class=\"bold unln\">ik<\/span><span class=\"bold\"><span>\u00a0<\/span>werd aangesproken als &#8220;Koningskind&#8221;??? Ik?!? Ik deed alles tegen Gods Wil !<\/span><\/p>\n<p>Geen woord is er die nacht uit mijn keel gekomen; ik heb alleen maar liggen huilen van pure angst en de realisatie van wat er gebeurt was.\u00a0De realisatie van die andere, die veel belangrijkere, eeuwige realiteit!!!\u00a0<span>\u00a0<\/span><\/p>\n<p>Het duurde zo\u00b4n drie dagen tot de drugs volledig waren uitgewerkt. Een periode waarin ik niet van de bank af heb durven komen, om acht meter verder naar het toilet te gaan..<\/p>\n<p>Kapot was ik&#8230; volledig en totaal gebroken. En zo riep ik het ook een paar dagen later uit in tranen tot God. Slechts een:\u00a0 &#8220;Heer, vergeef me! Help me!&#8221;<\/p>\n<p>&#8230;en<span>\u00a0<\/span><span class=\"bold unln\">direct<\/span><span class=\"bold\"><span>\u00a0<\/span>mocht ik Zijn aanwezigheid ervaren! Zijn niet te bevatten Genade voor mijn leven!\u00a0 De tongentaal stroomde over mijn lippen en ik aanbad Hem! Ik m\u00f3cht<\/span><span class=\"bold ital\"><span>\u00a0<\/span><\/span><span class=\"bold\">Hem aanbidden&#8230;<\/span><\/p>\n<p>Hoe kon z\u00f3 iets Heiligs vanuit mijn(!) mond komen!?! Onbevattelijk&#8230;Gods verzegeling was niet weg! Ik heb mijn handen voor mijn eigen mond geslagen, ik kon het niet bevatten!<span>\u00a0<\/span><\/p>\n<p>Mijn Geliefde. Mijn Wondere, Dierbare, Dierbare Jezus&#8230; Mijn Redder! Zijn Kruis was \u00f3\u00f3k voor mij genoeg! Halleluja! Jezus heeft alle zondemachten overwonnen aan Het Kruis van Calvarie!<span>\u00a0<\/span><\/p>\n<p><span class=\"txt3\"><span class=\"bold\">Filippensen 2:8-10: &#8220;En in gedaante gevonden als een mens, heeft Hij Zichzelven vernederd, gehoorzaam geworden zijnde tot den dood, ja, den dood des kruises. Daarom heeft Hem ook God uitermate verhoogd, en heeft Hem een Naam gegeven, welke boven allen naam is; Opdat in den Naam van Jezus zich zou buigen alle knie dergenen, die in den hemel, en die op de aarde, en die onder de aarde zijn.&#8221;<\/span><\/span><\/p>\n<p><span class=\"txt0\"><span class=\"bold\">Wij hoeven totaal geen angst te hebben (Jac 2:19), wij mogen ons Kinderen Gods noemen! Alle Almacht is Hem gegeven. En er is eeuwig leven in Zijn Naam:\u00a0Here Jezus Christus!<\/span><\/span><\/p>\n<p><span class=\"txt0\"><span class=\"bold\">Ik moest door een zeer diep dal gaan om te beseffen, hoezeer de duivel een na-aper is! In alles, aanbidding, muziek, contacten, wonderen&#8230; alles wordt nageaapt in een wereld die slechts tijdelijk is en z\u00e9\u00e9r snel voorbij gaat. Een wereld waarin zovelen mensen worden misleid en God nog niet kennen!<\/span><\/span><\/p>\n<p>Nu mag ik mijn leven wijden aan Hem, ik ervaar dagelijks Zijn zegeningen en mag door Genade groeien in Hem. Ik ben ondertussen getrouwd en heb een zoontje. Verder werk ik al weer lang in de ICT. Mijn leven is nu in rustig vaarwater gekomen<span class=\"bold ital\"><span>\u00a0<\/span>in Hem<span>\u00a0<\/span><\/span><span class=\"bold\">; Hij bestuurt mijn scheepje.<\/span><\/p>\n<p><span class=\"txt3\"><span class=\"bold\">Filipp<\/span><\/span><span class=\"txt3\"><span class=\"bold\">ensen 1:21: &#8220;Want het leven is mij Christus, en het sterven is mij gewin.&#8221;<\/span><\/span><\/p>\n<p>&nbsp;<\/p>\n<p><span class=\"txt4\"><span class=\"bold\">Rick Timmers<\/span><\/span><\/p>\n<p><img loading=\"lazy\" decoding=\"async\" src=\"http:\/\/wp.bpk-haaglanden.nl\/wp-content\/uploads\/2018\/06\/4caade4f52332582b74b797142db9fc8-240x300.jpg\" alt=\"\" width=\"96\" height=\"120\" class=\" wp-image-366 alignleft\"\/><\/p>\n<p>&nbsp;<br \/>\n&nbsp;<br \/>\n&nbsp;<br \/>\n&nbsp;<br \/>\n&nbsp;<br \/>\n&nbsp;<\/p>\n<p><a href=\"http:\/\/wp.bpk-haaglanden.nl\/?page_id=32\"><strong>| Terug naar Getuigenissen en Verhalen |<\/strong><\/a><\/p>\n","protected":false},"excerpt":{"rendered":"<p>Deze getuigenis betreft een z\u00e9\u00e9r moeilijke periode in mijn leven, in het begin van de jaren &#8217;90. Een tijd waarin Hij Zijn onbevattelijke Liefde en Genade voor mijn zwakke en onwaardige leven betoonde: Op jonge leeftijd had de echtscheiding van mijn ouders tot gevolg dat ik het ouderlijk huis verliet met mijn moeder en zusje,..<\/p>\n<p><a class=\"btn btn-default read-more\" href=\"https:\/\/bpk-haaglanden.nl\/?page_id=359\">Lees verder <span class=\"fa fa-angle-right\"><\/span><\/a><\/p>\n","protected":false},"author":1,"featured_media":534,"parent":0,"menu_order":0,"comment_status":"closed","ping_status":"closed","template":"templates\/no-sidebar.php","meta":{"protect_children":false,"footnotes":""},"class_list":["post-359","page","type-page","status-publish","has-post-thumbnail","hentry"],"yoast_head":"<!-- This site is optimized with the Yoast SEO plugin v27.4 - https:\/\/yoast.com\/product\/yoast-seo-wordpress\/ -->\n<title>God verandert mensen - BETHEL PINKSTERKERK HAAGLANDEN<\/title>\n<meta name=\"robots\" content=\"index, follow, max-snippet:-1, max-image-preview:large, max-video-preview:-1\" \/>\n<link rel=\"canonical\" href=\"https:\/\/bpk-haaglanden.nl\/?page_id=359\" \/>\n<meta property=\"og:locale\" content=\"nl_NL\" \/>\n<meta property=\"og:type\" content=\"article\" \/>\n<meta property=\"og:title\" content=\"God verandert mensen - BETHEL PINKSTERKERK HAAGLANDEN\" \/>\n<meta property=\"og:description\" content=\"Deze getuigenis betreft een z\u00e9\u00e9r moeilijke periode in mijn leven, in het begin van de jaren &#8217;90. Een tijd waarin Hij Zijn onbevattelijke Liefde en Genade voor mijn zwakke en onwaardige leven betoonde: Op jonge leeftijd had de echtscheiding van mijn ouders tot gevolg dat ik het ouderlijk huis verliet met mijn moeder en zusje,..Lees verder\" \/>\n<meta property=\"og:url\" content=\"https:\/\/bpk-haaglanden.nl\/?page_id=359\" \/>\n<meta property=\"og:site_name\" content=\"BETHEL PINKSTERKERK HAAGLANDEN\" \/>\n<meta property=\"article:modified_time\" content=\"2018-07-11T23:56:54+00:00\" \/>\n<meta property=\"og:image\" content=\"https:\/\/bpk-haaglanden.nl\/wp-content\/uploads\/2018\/06\/6c79e42baa63db4c2ed4f8a3f9d6134d-e1530002169611.jpg\" \/>\n\t<meta property=\"og:image:width\" content=\"480\" \/>\n\t<meta property=\"og:image:height\" content=\"720\" \/>\n\t<meta property=\"og:image:type\" content=\"image\/jpeg\" \/>\n<meta name=\"twitter:card\" content=\"summary_large_image\" \/>\n<meta name=\"twitter:label1\" content=\"Geschatte leestijd\" \/>\n\t<meta name=\"twitter:data1\" content=\"10 minuten\" \/>\n<script type=\"application\/ld+json\" class=\"yoast-schema-graph\">{\"@context\":\"https:\\\/\\\/schema.org\",\"@graph\":[{\"@type\":\"WebPage\",\"@id\":\"https:\\\/\\\/bpk-haaglanden.nl\\\/?page_id=359\",\"url\":\"https:\\\/\\\/bpk-haaglanden.nl\\\/?page_id=359\",\"name\":\"God verandert mensen - BETHEL PINKSTERKERK HAAGLANDEN\",\"isPartOf\":{\"@id\":\"https:\\\/\\\/bpk-haaglanden.nl\\\/#website\"},\"primaryImageOfPage\":{\"@id\":\"https:\\\/\\\/bpk-haaglanden.nl\\\/?page_id=359#primaryimage\"},\"image\":{\"@id\":\"https:\\\/\\\/bpk-haaglanden.nl\\\/?page_id=359#primaryimage\"},\"thumbnailUrl\":\"https:\\\/\\\/bpk-haaglanden.nl\\\/wp-content\\\/uploads\\\/2018\\\/06\\\/6c79e42baa63db4c2ed4f8a3f9d6134d-e1530002169611.jpg\",\"datePublished\":\"2018-06-19T22:16:58+00:00\",\"dateModified\":\"2018-07-11T23:56:54+00:00\",\"breadcrumb\":{\"@id\":\"https:\\\/\\\/bpk-haaglanden.nl\\\/?page_id=359#breadcrumb\"},\"inLanguage\":\"nl-NL\",\"potentialAction\":[{\"@type\":\"ReadAction\",\"target\":[\"https:\\\/\\\/bpk-haaglanden.nl\\\/?page_id=359\"]}]},{\"@type\":\"ImageObject\",\"inLanguage\":\"nl-NL\",\"@id\":\"https:\\\/\\\/bpk-haaglanden.nl\\\/?page_id=359#primaryimage\",\"url\":\"https:\\\/\\\/bpk-haaglanden.nl\\\/wp-content\\\/uploads\\\/2018\\\/06\\\/6c79e42baa63db4c2ed4f8a3f9d6134d-e1530002169611.jpg\",\"contentUrl\":\"https:\\\/\\\/bpk-haaglanden.nl\\\/wp-content\\\/uploads\\\/2018\\\/06\\\/6c79e42baa63db4c2ed4f8a3f9d6134d-e1530002169611.jpg\",\"width\":480,\"height\":720},{\"@type\":\"BreadcrumbList\",\"@id\":\"https:\\\/\\\/bpk-haaglanden.nl\\\/?page_id=359#breadcrumb\",\"itemListElement\":[{\"@type\":\"ListItem\",\"position\":1,\"name\":\"Home\",\"item\":\"https:\\\/\\\/bpk-haaglanden.nl\\\/\"},{\"@type\":\"ListItem\",\"position\":2,\"name\":\"God verandert mensen\"}]},{\"@type\":\"WebSite\",\"@id\":\"https:\\\/\\\/bpk-haaglanden.nl\\\/#website\",\"url\":\"https:\\\/\\\/bpk-haaglanden.nl\\\/\",\"name\":\"BETHEL PINKSTERKERK HAAGLANDEN\",\"description\":\"Turfschipkade 1 - 2725 BW ZOETERMEER\",\"publisher\":{\"@id\":\"https:\\\/\\\/bpk-haaglanden.nl\\\/#organization\"},\"potentialAction\":[{\"@type\":\"SearchAction\",\"target\":{\"@type\":\"EntryPoint\",\"urlTemplate\":\"https:\\\/\\\/bpk-haaglanden.nl\\\/?s={search_term_string}\"},\"query-input\":{\"@type\":\"PropertyValueSpecification\",\"valueRequired\":true,\"valueName\":\"search_term_string\"}}],\"inLanguage\":\"nl-NL\"},{\"@type\":\"Organization\",\"@id\":\"https:\\\/\\\/bpk-haaglanden.nl\\\/#organization\",\"name\":\"BETHEL PINKSTERKERK HAAGLANDEN\",\"url\":\"https:\\\/\\\/bpk-haaglanden.nl\\\/\",\"logo\":{\"@type\":\"ImageObject\",\"inLanguage\":\"nl-NL\",\"@id\":\"https:\\\/\\\/bpk-haaglanden.nl\\\/#\\\/schema\\\/logo\\\/image\\\/\",\"url\":\"https:\\\/\\\/bpk-haaglanden.nl\\\/wp-content\\\/uploads\\\/2024\\\/04\\\/Logo_BPKHL_V20230728-2-scaled.gif\",\"contentUrl\":\"https:\\\/\\\/bpk-haaglanden.nl\\\/wp-content\\\/uploads\\\/2024\\\/04\\\/Logo_BPKHL_V20230728-2-scaled.gif\",\"width\":1751,\"height\":2560,\"caption\":\"BETHEL PINKSTERKERK HAAGLANDEN\"},\"image\":{\"@id\":\"https:\\\/\\\/bpk-haaglanden.nl\\\/#\\\/schema\\\/logo\\\/image\\\/\"}}]}<\/script>\n<!-- \/ Yoast SEO plugin. -->","yoast_head_json":{"title":"God verandert mensen - BETHEL PINKSTERKERK HAAGLANDEN","robots":{"index":"index","follow":"follow","max-snippet":"max-snippet:-1","max-image-preview":"max-image-preview:large","max-video-preview":"max-video-preview:-1"},"canonical":"https:\/\/bpk-haaglanden.nl\/?page_id=359","og_locale":"nl_NL","og_type":"article","og_title":"God verandert mensen - BETHEL PINKSTERKERK HAAGLANDEN","og_description":"Deze getuigenis betreft een z\u00e9\u00e9r moeilijke periode in mijn leven, in het begin van de jaren &#8217;90. Een tijd waarin Hij Zijn onbevattelijke Liefde en Genade voor mijn zwakke en onwaardige leven betoonde: Op jonge leeftijd had de echtscheiding van mijn ouders tot gevolg dat ik het ouderlijk huis verliet met mijn moeder en zusje,..Lees verder","og_url":"https:\/\/bpk-haaglanden.nl\/?page_id=359","og_site_name":"BETHEL PINKSTERKERK HAAGLANDEN","article_modified_time":"2018-07-11T23:56:54+00:00","og_image":[{"width":480,"height":720,"url":"https:\/\/bpk-haaglanden.nl\/wp-content\/uploads\/2018\/06\/6c79e42baa63db4c2ed4f8a3f9d6134d-e1530002169611.jpg","type":"image\/jpeg"}],"twitter_card":"summary_large_image","twitter_misc":{"Geschatte leestijd":"10 minuten"},"schema":{"@context":"https:\/\/schema.org","@graph":[{"@type":"WebPage","@id":"https:\/\/bpk-haaglanden.nl\/?page_id=359","url":"https:\/\/bpk-haaglanden.nl\/?page_id=359","name":"God verandert mensen - BETHEL PINKSTERKERK HAAGLANDEN","isPartOf":{"@id":"https:\/\/bpk-haaglanden.nl\/#website"},"primaryImageOfPage":{"@id":"https:\/\/bpk-haaglanden.nl\/?page_id=359#primaryimage"},"image":{"@id":"https:\/\/bpk-haaglanden.nl\/?page_id=359#primaryimage"},"thumbnailUrl":"https:\/\/bpk-haaglanden.nl\/wp-content\/uploads\/2018\/06\/6c79e42baa63db4c2ed4f8a3f9d6134d-e1530002169611.jpg","datePublished":"2018-06-19T22:16:58+00:00","dateModified":"2018-07-11T23:56:54+00:00","breadcrumb":{"@id":"https:\/\/bpk-haaglanden.nl\/?page_id=359#breadcrumb"},"inLanguage":"nl-NL","potentialAction":[{"@type":"ReadAction","target":["https:\/\/bpk-haaglanden.nl\/?page_id=359"]}]},{"@type":"ImageObject","inLanguage":"nl-NL","@id":"https:\/\/bpk-haaglanden.nl\/?page_id=359#primaryimage","url":"https:\/\/bpk-haaglanden.nl\/wp-content\/uploads\/2018\/06\/6c79e42baa63db4c2ed4f8a3f9d6134d-e1530002169611.jpg","contentUrl":"https:\/\/bpk-haaglanden.nl\/wp-content\/uploads\/2018\/06\/6c79e42baa63db4c2ed4f8a3f9d6134d-e1530002169611.jpg","width":480,"height":720},{"@type":"BreadcrumbList","@id":"https:\/\/bpk-haaglanden.nl\/?page_id=359#breadcrumb","itemListElement":[{"@type":"ListItem","position":1,"name":"Home","item":"https:\/\/bpk-haaglanden.nl\/"},{"@type":"ListItem","position":2,"name":"God verandert mensen"}]},{"@type":"WebSite","@id":"https:\/\/bpk-haaglanden.nl\/#website","url":"https:\/\/bpk-haaglanden.nl\/","name":"BETHEL PINKSTERKERK HAAGLANDEN","description":"Turfschipkade 1 - 2725 BW ZOETERMEER","publisher":{"@id":"https:\/\/bpk-haaglanden.nl\/#organization"},"potentialAction":[{"@type":"SearchAction","target":{"@type":"EntryPoint","urlTemplate":"https:\/\/bpk-haaglanden.nl\/?s={search_term_string}"},"query-input":{"@type":"PropertyValueSpecification","valueRequired":true,"valueName":"search_term_string"}}],"inLanguage":"nl-NL"},{"@type":"Organization","@id":"https:\/\/bpk-haaglanden.nl\/#organization","name":"BETHEL PINKSTERKERK HAAGLANDEN","url":"https:\/\/bpk-haaglanden.nl\/","logo":{"@type":"ImageObject","inLanguage":"nl-NL","@id":"https:\/\/bpk-haaglanden.nl\/#\/schema\/logo\/image\/","url":"https:\/\/bpk-haaglanden.nl\/wp-content\/uploads\/2024\/04\/Logo_BPKHL_V20230728-2-scaled.gif","contentUrl":"https:\/\/bpk-haaglanden.nl\/wp-content\/uploads\/2024\/04\/Logo_BPKHL_V20230728-2-scaled.gif","width":1751,"height":2560,"caption":"BETHEL PINKSTERKERK HAAGLANDEN"},"image":{"@id":"https:\/\/bpk-haaglanden.nl\/#\/schema\/logo\/image\/"}}]}},"_links":{"self":[{"href":"https:\/\/bpk-haaglanden.nl\/index.php?rest_route=\/wp\/v2\/pages\/359","targetHints":{"allow":["GET"]}}],"collection":[{"href":"https:\/\/bpk-haaglanden.nl\/index.php?rest_route=\/wp\/v2\/pages"}],"about":[{"href":"https:\/\/bpk-haaglanden.nl\/index.php?rest_route=\/wp\/v2\/types\/page"}],"author":[{"embeddable":true,"href":"https:\/\/bpk-haaglanden.nl\/index.php?rest_route=\/wp\/v2\/users\/1"}],"replies":[{"embeddable":true,"href":"https:\/\/bpk-haaglanden.nl\/index.php?rest_route=%2Fwp%2Fv2%2Fcomments&post=359"}],"version-history":[{"count":15,"href":"https:\/\/bpk-haaglanden.nl\/index.php?rest_route=\/wp\/v2\/pages\/359\/revisions"}],"predecessor-version":[{"id":1589,"href":"https:\/\/bpk-haaglanden.nl\/index.php?rest_route=\/wp\/v2\/pages\/359\/revisions\/1589"}],"wp:featuredmedia":[{"embeddable":true,"href":"https:\/\/bpk-haaglanden.nl\/index.php?rest_route=\/wp\/v2\/media\/534"}],"wp:attachment":[{"href":"https:\/\/bpk-haaglanden.nl\/index.php?rest_route=%2Fwp%2Fv2%2Fmedia&parent=359"}],"curies":[{"name":"wp","href":"https:\/\/api.w.org\/{rel}","templated":true}]}}